{"id":1829346,"date":"2026-01-02T17:56:18","date_gmt":"2026-01-02T16:56:18","guid":{"rendered":"https:\/\/lemonti.pl\/sklep\/bez-kategorii\/dysk-ssd-kingston-kc600-2tb-sata3-25-550-520-mb-s-nand-3d-tlc\/"},"modified":"2026-04-16T11:00:55","modified_gmt":"2026-04-16T09:00:55","slug":"dysk-ssd-kingston-kc600-2tb-sata3-25-550-520-mb-s-nand-3d-tlc","status":"publish","type":"product","link":"https:\/\/lemonti.pl\/en\/sklep\/podzespoly-komputerowe\/dyski\/dyski-ssd\/dysk-ssd-kingston-kc600-2tb-sata3-25-550-520-mb-s-nand-3d-tlc\/","title":{"rendered":"Dysk SSD Kingston KC600 2TB SATA3 2,5&#8243; (550\/520 MB\/s) NAND 3D TLC"},"content":{"rendered":"<div class=\"vgblk-rw-wrapper limit-wrapper\">\n<section class=\"section\">\n<div class=\"item item-12\">\n<section class=\"text-item\">\n<h1>Dysk SSD Kingston KC600 2TB SATA3 2,5&#8243; (550\/520 MB\/s) NAND 3D TLC<\/h1>\n<\/section><\/div>\n<\/section>\n<section class=\"section\">\n<div class=\"item item-6\">\n<section class=\"image-item\"><img decoding=\"async\" src=\"https:\/\/upload.cdn.baselinker.com\/products\/6010088\/84a48dc236679563a9e8c93a6698ec00.jpg\" \/><\/section>\n<\/p><\/div>\n<div class=\"item item-6\">\n<section class=\"text-item\">\n<h2>Specyfikacja:<\/h2>\n<p>Informacje podstawowe<\/p>\n<ul>\n<li><b>Rodzina dysk\u00f3w:<\/b> KC600<\/li>\n<\/ul>\n<p>Techniczne<\/p>\n<ul>\n<li><b>Pojemno\u015b\u0107 dysku:<\/b> 2 TB<\/li>\n<li><b>Format dysku:<\/b> 2,5 cala<\/li>\n<li><b>Typ dysku:<\/b> SSD<\/li>\n<li><b>Typ ko\u015bci pami\u0119ci:<\/b> 3D NAND<\/li>\n<li><b>Technika zapisywania danych:<\/b> TLC<\/li>\n<li><b>Pr\u0119dko\u015b\u0107 odczytu (max):<\/b> 550 MB\/s<\/li>\n<li><b>Pr\u0119dko\u015b\u0107 zapisu (max):<\/b> 500 MB\/s<\/li>\n<li><b>TBW (ang. Total Bytes Written):<\/b> 1200.0<\/li>\n<\/ul>\n<p>Charakterystyka<\/p>\n<ul>\n<li><b>Interfejs:<\/b> SATA III (6 Gb\/s)<\/li>\n<li><b>Odczyt losowy:<\/b> 90000 IOPS<\/li>\n<li><b>Zapis losowy:<\/b> 80000 IOPS<\/li>\n<li><b>\u015aredni czas miedzy uszkodzeniami (MTBF):<\/b> 1000000 h<\/li>\n<\/ul>\n<p>Z\u0142\u0105cza<\/p>\n<ul>\n<li><b>Typ z\u0142\u0105cza:<\/b> 7-pin S-ATA<\/li>\n<\/ul>\n<\/section><\/div>\n<\/section>\n<section class=\"section\">\n<div class=\"item item-6\">\n<section class=\"image-item\"><img decoding=\"async\" src=\"https:\/\/upload.cdn.baselinker.com\/products\/6010088\/5e9fc650ddc4007c14a35b3dc2a6a81d.jpg\" \/><\/section>\n<\/p><\/div>\n<div class=\"item item-6\">\n<section class=\"text-item\">\n<p>Fizyczne<\/p>\n<ul>\n<li><b>Kolor obudowy:<\/b> Czarny (Black)<\/li>\n<\/ul>\n<p>Pozosta\u0142e parametry<\/p>\n<ul>\n<li><b>Informacje dodatkowe:<\/b><\/li>\n<li>SATA Rev. 3.0 (6Gb\/s) \u2013 with backwards capability to SATA Rev 2.0 (3Gb\/s)<\/li>\n<li>Controller: SM2259<\/li>\n<li>XTS-AES 256-bit encryption<\/li>\n<li>Power consumption:<\/li>\n<li>&#8211; 0.06W idle \/ 0.2W avg \/ 1.3W (MAX) read \/ 3.2W (MAX) write<\/li>\n<li>Dimensions: 100,1mm x 69,85mm x 7mm<\/li>\n<\/ul>\n<\/section><\/div>\n<\/section>\n<section class=\"section\">\n<div class=\"item item-12\">\n<section class=\"image-item\"><img decoding=\"async\" src=\"https:\/\/upload.cdn.baselinker.com\/products\/6010088\/84a48dc236679563a9e8c93a6698ec00.jpg\" \/><\/section>\n<\/p><\/div>\n<\/section>\n<section class=\"section\">\n<div class=\"item item-12\">\n<section class=\"image-item\"><img decoding=\"async\" src=\"https:\/\/upload.cdn.baselinker.com\/products\/6010088\/5e9fc650ddc4007c14a35b3dc2a6a81d.jpg\" \/><\/section>\n<\/p><\/div>\n<\/section>\n<section class=\"section\">\n<div class=\"item item-12\">\n<section class=\"image-item\"><img decoding=\"async\" src=\"https:\/\/upload.cdn.baselinker.com\/products\/6010088\/bd24d8bd39f49f16599ddcec6e2ba97f.jpg\" \/><\/section>\n<\/p><\/div>\n<\/section>\n<\/div>\n<p><!-- .vgblk-rw-wrapper --><\/p>","protected":false},"excerpt":{"rendered":"<p>Dysk SSD Kingston KC600 2TB SATA3 2,5&#8243; (550\/520 MB\/s) NAND 3D TLC Specyfikacja: Informacje podstawowe Rodzina dysk\u00f3w: KC600 Techniczne Pojemno\u015b\u0107 dysku: 2 TB Format dysku: 2,5 cala Typ dysku: SSD Typ ko\u015bci pami\u0119ci: 3D NAND Technika zapisywania danych: TLC Pr\u0119dko\u015b\u0107 odczytu (max): 550 MB\/s Pr\u0119dko\u015b\u0107 zapisu (max): 500 MB\/s TBW (ang. Total Bytes Written): 1200.0&#8230;<\/p>","protected":false},"featured_media":1829341,"comment_status":"open","ping_status":"closed","template":"","meta":[],"product_brand":[16652],"product_cat":[247,256,246],"product_tag":[],"class_list":{"0":"post-1829346","1":"product","2":"type-product","3":"status-publish","4":"has-post-thumbnail","6":"product_brand-kingston","7":"product_cat-dyski","8":"product_cat-dyski-ssd","9":"product_cat-podzespoly-komputerowe","11":"first","12":"instock","13":"taxable","14":"shipping-taxable","15":"purchasable","16":"product-type-simple"},"_links":{"self":[{"href":"https:\/\/lemonti.pl\/en\/wp-json\/wp\/v2\/product\/1829346","targetHints":{"allow":["GET"]}}],"collection":[{"href":"https:\/\/lemonti.pl\/en\/wp-json\/wp\/v2\/product"}],"about":[{"href":"https:\/\/lemonti.pl\/en\/wp-json\/wp\/v2\/types\/product"}],"replies":[{"embeddable":true,"href":"https:\/\/lemonti.pl\/en\/wp-json\/wp\/v2\/comments?post=1829346"}],"version-history":[{"count":0,"href":"https:\/\/lemonti.pl\/en\/wp-json\/wp\/v2\/product\/1829346\/revisions"}],"wp:featuredmedia":[{"embeddable":true,"href":"https:\/\/lemonti.pl\/en\/wp-json\/wp\/v2\/media\/1829341"}],"wp:attachment":[{"href":"https:\/\/lemonti.pl\/en\/wp-json\/wp\/v2\/media?parent=1829346"}],"wp:term":[{"taxonomy":"product_brand","embeddable":true,"href":"https:\/\/lemonti.pl\/en\/wp-json\/wp\/v2\/product_brand?post=1829346"},{"taxonomy":"product_cat","embeddable":true,"href":"https:\/\/lemonti.pl\/en\/wp-json\/wp\/v2\/product_cat?post=1829346"},{"taxonomy":"product_tag","embeddable":true,"href":"https:\/\/lemonti.pl\/en\/wp-json\/wp\/v2\/product_tag?post=1829346"}],"curies":[{"name":"wp","href":"https:\/\/api.w.org\/{rel}","templated":true}]}}