{"id":1829325,"date":"2026-01-02T17:55:58","date_gmt":"2026-01-02T16:55:58","guid":{"rendered":"https:\/\/lemonti.pl\/sklep\/bez-kategorii\/dysk-ssd-kingston-fury-renegade-2tb-m-2-nvme-2280-pcie-gen-4-0-x4-7300-7000-mb-s\/"},"modified":"2026-03-31T19:08:31","modified_gmt":"2026-03-31T17:08:31","slug":"dysk-ssd-kingston-fury-renegade-2tb-m-2-nvme-2280-pcie-gen-4-0-x4-7300-7000-mb-s","status":"publish","type":"product","link":"https:\/\/lemonti.pl\/en\/sklep\/podzespoly-komputerowe\/dyski\/dyski-ssd\/dysk-ssd-kingston-fury-renegade-2tb-m-2-nvme-2280-pcie-gen-4-0-x4-7300-7000-mb-s\/","title":{"rendered":"Dysk SSD Kingston FURY Renegade 2TB M.2 NVMe 2280 PCIe Gen 4.0 x4 (7300\/7000 MB\/s)"},"content":{"rendered":"<div class=\"vgblk-rw-wrapper limit-wrapper\">\n<section class=\"section\">\n<div class=\"item item-12\">\n<section class=\"text-item\">\n<h2>Dysk SSD Kingston FURY Renegade 2TB M.2 NVMe 2280 PCIe Gen 4.0 x4 (7300\/7000 MB\/s)<\/h2>\n<\/section><\/div>\n<\/section>\n<section class=\"section\">\n<div class=\"item item-6\">\n<section class=\"image-item\"><img decoding=\"async\" src=\"https:\/\/upload.cdn.baselinker.com\/products\/6010088\/bda1d32524ff8ca390d7957387135abc.jpg\" \/><\/section>\n<\/p><\/div>\n<div class=\"item item-6\">\n<section class=\"text-item\">\n<h2>Specyfikacja:<\/h2>\n<p>Techniczne<\/p>\n<ul>\n<li><b>Pojemno\u015b\u0107 dysku:<\/b> 2 TB<\/li>\n<li><b>Format dysku:<\/b> M.2 2280<\/li>\n<li><b>Typ dysku:<\/b> SSD<\/li>\n<li><b>Pr\u0119dko\u015b\u0107 odczytu (max):<\/b> 7300 MB\/s<\/li>\n<li><b>Pr\u0119dko\u015b\u0107 zapisu (max):<\/b> 7000 MB\/s<\/li>\n<li><b>TBW (ang. Total Bytes Written):<\/b> 2000.0<\/li>\n<\/ul>\n<p>Charakterystyka<\/p>\n<ul>\n<li><b>Interfejs:<\/b> PCIe NVMe 4.0 x4<\/li>\n<li><b>Odczyt losowy:<\/b> 1000000 IOPS<\/li>\n<li><b>Zapis losowy:<\/b> 1000000 IOPS<\/li>\n<li><b>\u015aredni czas miedzy uszkodzeniami (MTBF):<\/b> 1800000 h<\/li>\n<\/ul>\n<p>Pozosta\u0142e parametry<\/p>\n<ul>\n<li><b>Informacje dodatkowe:<\/b><\/li>\n<li>Wymiary: 80mm x 23,67mm x 10,5mm<\/li>\n<li>Waga: 34,9<\/li>\n<\/ul>\n<\/section><\/div>\n<\/section>\n<section class=\"section\">\n<div class=\"item item-12\">\n<section class=\"image-item\"><img decoding=\"async\" src=\"https:\/\/upload.cdn.baselinker.com\/products\/6010088\/e3013af4daec427e660ad800445c67e3.jpg\" \/><\/section>\n<\/p><\/div>\n<\/section>\n<section class=\"section\">\n<div class=\"item item-12\">\n<section class=\"image-item\"><img decoding=\"async\" src=\"https:\/\/upload.cdn.baselinker.com\/products\/6010088\/933a95f26fc5e70fde2bbcbd8fbd064f.jpg\" \/><\/section>\n<\/p><\/div>\n<\/section>\n<section class=\"section\">\n<div class=\"item item-12\">\n<section class=\"image-item\"><img decoding=\"async\" src=\"https:\/\/upload.cdn.baselinker.com\/products\/6010088\/09aa5f32e83dcdab7b523e69268d615b.jpg\" \/><\/section>\n<\/p><\/div>\n<\/section>\n<\/div>\n<p><!-- .vgblk-rw-wrapper --><\/p>","protected":false},"excerpt":{"rendered":"<p>Dysk SSD Kingston FURY Renegade 2TB M.2 NVMe 2280 PCIe Gen 4.0 x4 (7300\/7000 MB\/s) Specyfikacja: Techniczne Pojemno\u015b\u0107 dysku: 2 TB Format dysku: M.2 2280 Typ dysku: SSD Pr\u0119dko\u015b\u0107 odczytu (max): 7300 MB\/s Pr\u0119dko\u015b\u0107 zapisu (max): 7000 MB\/s TBW (ang. Total Bytes Written): 2000.0 Charakterystyka Interfejs: PCIe NVMe 4.0 x4 Odczyt losowy: 1000000 IOPS Zapis&#8230;<\/p>","protected":false},"featured_media":1829315,"comment_status":"open","ping_status":"closed","template":"","meta":[],"product_brand":[16652],"product_cat":[247,256,246],"product_tag":[],"class_list":{"0":"post-1829325","1":"product","2":"type-product","3":"status-publish","4":"has-post-thumbnail","6":"product_brand-kingston","7":"product_cat-dyski","8":"product_cat-dyski-ssd","9":"product_cat-podzespoly-komputerowe","11":"first","12":"instock","13":"taxable","14":"shipping-taxable","15":"purchasable","16":"product-type-simple"},"_links":{"self":[{"href":"https:\/\/lemonti.pl\/en\/wp-json\/wp\/v2\/product\/1829325","targetHints":{"allow":["GET"]}}],"collection":[{"href":"https:\/\/lemonti.pl\/en\/wp-json\/wp\/v2\/product"}],"about":[{"href":"https:\/\/lemonti.pl\/en\/wp-json\/wp\/v2\/types\/product"}],"replies":[{"embeddable":true,"href":"https:\/\/lemonti.pl\/en\/wp-json\/wp\/v2\/comments?post=1829325"}],"version-history":[{"count":0,"href":"https:\/\/lemonti.pl\/en\/wp-json\/wp\/v2\/product\/1829325\/revisions"}],"wp:featuredmedia":[{"embeddable":true,"href":"https:\/\/lemonti.pl\/en\/wp-json\/wp\/v2\/media\/1829315"}],"wp:attachment":[{"href":"https:\/\/lemonti.pl\/en\/wp-json\/wp\/v2\/media?parent=1829325"}],"wp:term":[{"taxonomy":"product_brand","embeddable":true,"href":"https:\/\/lemonti.pl\/en\/wp-json\/wp\/v2\/product_brand?post=1829325"},{"taxonomy":"product_cat","embeddable":true,"href":"https:\/\/lemonti.pl\/en\/wp-json\/wp\/v2\/product_cat?post=1829325"},{"taxonomy":"product_tag","embeddable":true,"href":"https:\/\/lemonti.pl\/en\/wp-json\/wp\/v2\/product_tag?post=1829325"}],"curies":[{"name":"wp","href":"https:\/\/api.w.org\/{rel}","templated":true}]}}