{"id":1829289,"date":"2026-01-02T17:55:33","date_gmt":"2026-01-02T16:55:33","guid":{"rendered":"https:\/\/lemonti.pl\/sklep\/bez-kategorii\/dysk-ssd-silicon-power-ud85-2tb-m-2-pcie-nvme-gen4x4-nvme-1-4-3600-2800-mb-s\/"},"modified":"2026-04-14T12:00:52","modified_gmt":"2026-04-14T10:00:52","slug":"dysk-ssd-silicon-power-ud85-2tb-m-2-pcie-nvme-gen4x4-nvme-1-4-3600-2800-mb-s","status":"publish","type":"product","link":"https:\/\/lemonti.pl\/en\/sklep\/podzespoly-komputerowe\/dyski\/dyski-ssd\/dysk-ssd-silicon-power-ud85-2tb-m-2-pcie-nvme-gen4x4-nvme-1-4-3600-2800-mb-s\/","title":{"rendered":"Dysk SSD Silicon Power UD85 2TB M.2 PCIe NVMe Gen4x4 NVMe 1.4 (3600\/2800 MB\/s)"},"content":{"rendered":"<div class=\"vgblk-rw-wrapper limit-wrapper\">\n<section class=\"section\">\n<div class=\"item item-12\">\n<section class=\"text-item\">\n<h2>Dysk SSD Silicon Power UD85 2TB M.2 PCIe NVMe 4&#215;4 NVMe 1.4 3600\/2800MB\/s<\/h2>\n<\/section><\/div>\n<\/section>\n<section class=\"section\">\n<div class=\"item item-6\">\n<section class=\"image-item\"><img decoding=\"async\" src=\"https:\/\/upload.cdn.baselinker.com\/products\/6010088\/edc353e6b334436c8c63f8b499da73a3.jpg\" \/><\/section>\n<\/p><\/div>\n<div class=\"item item-6\">\n<section class=\"text-item\">\n<p><b>Specyfikacja techniczna:<\/b><\/p>\n<ul>\n<li><b>Pojemno\u015b\u0107 dysku:<\/b> 2 TB<\/li>\n<li><b>Format dysku:<\/b> M.2 2280<\/li>\n<li><b>Typ dysku:<\/b> SSD<\/li>\n<li><b>Technika zapisywania danych:<\/b> QLC<\/li>\n<li><b>Pr\u0119dko\u015b\u0107 odczytu (max):<\/b> 3600 MB\/s<\/li>\n<li><b>Pr\u0119dko\u015b\u0107 zapisu (max):<\/b> 2800 MB\/s<\/li>\n<li><b>Interfejs:<\/b> PCIe NVMe 4.0 x4<\/li>\n<li><b>\u015aredni czas miedzy uszkodzeniami (MTBF):<\/b> 1500000 h<\/li>\n<li><b>Waga:<\/b> 8g<\/li>\n<li><b>Temperatura pracy: <\/b>0\u00b0C-70\u00b0C<\/li>\n<li><b>Certyfikaty: <\/b>CE\/FCC\/BSMI\/Green dot\/WEEE\/RoHS\/KC<\/li>\n<\/ul>\n<\/section><\/div>\n<\/section>\n<section class=\"section\">\n<div class=\"item item-6\">\n<section class=\"image-item\"><img decoding=\"async\" src=\"https:\/\/upload.cdn.baselinker.com\/products\/6010088\/4b35f2a348763a190f79b09a62838a79.jpg\" \/><\/section>\n<\/p><\/div>\n<div class=\"item item-6\">\n<section class=\"image-item\"><img decoding=\"async\" src=\"https:\/\/upload.cdn.baselinker.com\/products\/6010088\/886e25f5a8699018e97915f98c7d79ae.jpg\" \/><\/section>\n<\/p><\/div>\n<\/section>\n<section class=\"section\">\n<div class=\"item item-12\">\n<section class=\"image-item\"><img decoding=\"async\" src=\"https:\/\/upload.cdn.baselinker.com\/products\/6010088\/77ec98f0247118070a95e8edb2238727.jpg\" \/><\/section>\n<\/p><\/div>\n<\/section>\n<\/div>\n<p><!-- .vgblk-rw-wrapper --><\/p>","protected":false},"excerpt":{"rendered":"<p>Dysk SSD Silicon Power UD85 2TB M.2 PCIe NVMe 4&#215;4 NVMe 1.4 3600\/2800MB\/s Specyfikacja techniczna: Pojemno\u015b\u0107 dysku: 2 TB Format dysku: M.2 2280 Typ dysku: SSD Technika zapisywania danych: QLC Pr\u0119dko\u015b\u0107 odczytu (max): 3600 MB\/s Pr\u0119dko\u015b\u0107 zapisu (max): 2800 MB\/s Interfejs: PCIe NVMe 4.0 x4 \u015aredni czas miedzy uszkodzeniami (MTBF): 1500000 h Waga: 8g Temperatura&#8230;<\/p>","protected":false},"featured_media":1829285,"comment_status":"open","ping_status":"closed","template":"","meta":[],"product_brand":[16648],"product_cat":[247,256,246],"product_tag":[],"class_list":{"0":"post-1829289","1":"product","2":"type-product","3":"status-publish","4":"has-post-thumbnail","6":"product_brand-silicon-power","7":"product_cat-dyski","8":"product_cat-dyski-ssd","9":"product_cat-podzespoly-komputerowe","11":"first","12":"instock","13":"taxable","14":"shipping-taxable","15":"purchasable","16":"product-type-simple"},"_links":{"self":[{"href":"https:\/\/lemonti.pl\/en\/wp-json\/wp\/v2\/product\/1829289","targetHints":{"allow":["GET"]}}],"collection":[{"href":"https:\/\/lemonti.pl\/en\/wp-json\/wp\/v2\/product"}],"about":[{"href":"https:\/\/lemonti.pl\/en\/wp-json\/wp\/v2\/types\/product"}],"replies":[{"embeddable":true,"href":"https:\/\/lemonti.pl\/en\/wp-json\/wp\/v2\/comments?post=1829289"}],"version-history":[{"count":0,"href":"https:\/\/lemonti.pl\/en\/wp-json\/wp\/v2\/product\/1829289\/revisions"}],"wp:featuredmedia":[{"embeddable":true,"href":"https:\/\/lemonti.pl\/en\/wp-json\/wp\/v2\/media\/1829285"}],"wp:attachment":[{"href":"https:\/\/lemonti.pl\/en\/wp-json\/wp\/v2\/media?parent=1829289"}],"wp:term":[{"taxonomy":"product_brand","embeddable":true,"href":"https:\/\/lemonti.pl\/en\/wp-json\/wp\/v2\/product_brand?post=1829289"},{"taxonomy":"product_cat","embeddable":true,"href":"https:\/\/lemonti.pl\/en\/wp-json\/wp\/v2\/product_cat?post=1829289"},{"taxonomy":"product_tag","embeddable":true,"href":"https:\/\/lemonti.pl\/en\/wp-json\/wp\/v2\/product_tag?post=1829289"}],"curies":[{"name":"wp","href":"https:\/\/api.w.org\/{rel}","templated":true}]}}