{"id":1829249,"date":"2026-01-02T17:55:02","date_gmt":"2026-01-02T16:55:02","guid":{"rendered":"https:\/\/lemonti.pl\/sklep\/bez-kategorii\/dysk-ssd-silicon-power-ace-a55-512gb-25-sata3-500-450-mb-s-3d-nand-7mm\/"},"modified":"2026-04-21T16:42:08","modified_gmt":"2026-04-21T14:42:08","slug":"dysk-ssd-silicon-power-ace-a55-512gb-25-sata3-500-450-mb-s-3d-nand-7mm","status":"publish","type":"product","link":"https:\/\/lemonti.pl\/en\/sklep\/podzespoly-komputerowe\/dyski\/dyski-ssd\/dysk-ssd-silicon-power-ace-a55-512gb-25-sata3-500-450-mb-s-3d-nand-7mm\/","title":{"rendered":"Dysk SSD Silicon Power ACE A55 512GB 2,5&#8243; SATA3 (500\/450 MB\/s) 3D NAND, 7mm"},"content":{"rendered":"<div class=\"vgblk-rw-wrapper limit-wrapper\">\n<section class=\"section\">\n<div class=\"item item-12\">\n<section class=\"text-item\">\n<h2>Dysk SSD Silicon Power ACE A55 512GB 2,5&#8243; SATA3 (560\/530 MB\/s) 3D NAND, 7mm<\/h2>\n<\/section><\/div>\n<\/section>\n<section class=\"section\">\n<div class=\"item item-6\">\n<section class=\"image-item\"><img decoding=\"async\" src=\"https:\/\/upload.cdn.baselinker.com\/products\/6010088\/bfc591cebf7d2b033c4dcc06c337f10f.jpg\" \/><\/section>\n<\/p><\/div>\n<div class=\"item item-6\">\n<section class=\"text-item\">\n<p><b>Specyfikacja techniczna:<\/b><\/p>\n<ul>\n<li><b>Pojemno\u015b\u0107 dysku:<\/b> 512 GB<\/li>\n<li><b>Format dysku:<\/b> 2,5 cala<\/li>\n<li><b>Typ dysku:<\/b> SSD<\/li>\n<li><b>Technika zapisywania danych:<\/b> TLC<\/li>\n<li><b>Wsparcie dla technologii S.M.A.R.T.:<\/b> Tak<\/li>\n<li><b>Wsparcie dla technologii TRIM:<\/b> Tak<\/li>\n<li><b>Pr\u0119dko\u015b\u0107 odczytu (max):<\/b> 560 MB\/s<\/li>\n<li><b>Pr\u0119dko\u015b\u0107 zapisu (max):<\/b> 530 MB\/s<\/li>\n<li><b>Interfejs:<\/b> SATA III (6 Gb\/s)<\/li>\n<li><b>\u015aredni czas miedzy uszkodzeniami (MTBF):<\/b> 1500000 h<\/li>\n<li><b>Kolor obudowy:<\/b> Czarny (Black)<\/li>\n<li><b>Test odporno\u015bci na wibracje: <\/b>20G<\/li>\n<li><b>Test odporno\u015bci na wstrz\u0105sy: <\/b>1500G Max<\/li>\n<li><b>Wymiary:<\/b> 100mm x 69.9mm x 7mm<\/li>\n<\/ul>\n<\/section><\/div>\n<\/section>\n<section class=\"section\">\n<div class=\"item item-6\">\n<section class=\"image-item\"><img decoding=\"async\" src=\"https:\/\/upload.cdn.baselinker.com\/products\/6010088\/b85d8e2ee1925ee1d50f67418f94a6aa.jpg\" \/><\/section>\n<\/p><\/div>\n<div class=\"item item-6\">\n<section class=\"image-item\"><img decoding=\"async\" src=\"https:\/\/upload.cdn.baselinker.com\/products\/6010088\/b870d0d24d6b7ca6cbc4a05006de32d1.jpg\" \/><\/section>\n<\/p><\/div>\n<\/section>\n<section class=\"section\">\n<div class=\"item item-6\">\n<section class=\"image-item\"><img decoding=\"async\" src=\"https:\/\/upload.cdn.baselinker.com\/products\/6010088\/bfc591cebf7d2b033c4dcc06c337f10f.jpg\" \/><\/section>\n<\/p><\/div>\n<div class=\"item item-6\">\n<section class=\"image-item\"><img decoding=\"async\" src=\"https:\/\/upload.cdn.baselinker.com\/products\/6010088\/4a77bfa398d45f5bc24868d5756c3236.jpg\" \/><\/section>\n<\/p><\/div>\n<\/section>\n<\/div>\n<p><!-- .vgblk-rw-wrapper --><\/p>","protected":false},"excerpt":{"rendered":"<p>Dysk SSD Silicon Power ACE A55 512GB 2,5&#8243; SATA3 (560\/530 MB\/s) 3D NAND, 7mm Specyfikacja techniczna: Pojemno\u015b\u0107 dysku: 512 GB Format dysku: 2,5 cala Typ dysku: SSD Technika zapisywania danych: TLC Wsparcie dla technologii S.M.A.R.T.: Tak Wsparcie dla technologii TRIM: Tak Pr\u0119dko\u015b\u0107 odczytu (max): 560 MB\/s Pr\u0119dko\u015b\u0107 zapisu (max): 530 MB\/s Interfejs: SATA III (6&#8230;<\/p>","protected":false},"featured_media":1829243,"comment_status":"open","ping_status":"closed","template":"","meta":[],"product_brand":[16648],"product_cat":[247,256,246],"product_tag":[],"class_list":{"0":"post-1829249","1":"product","2":"type-product","3":"status-publish","4":"has-post-thumbnail","6":"product_brand-silicon-power","7":"product_cat-dyski","8":"product_cat-dyski-ssd","9":"product_cat-podzespoly-komputerowe","11":"first","12":"instock","13":"taxable","14":"shipping-taxable","15":"purchasable","16":"product-type-simple"},"_links":{"self":[{"href":"https:\/\/lemonti.pl\/en\/wp-json\/wp\/v2\/product\/1829249","targetHints":{"allow":["GET"]}}],"collection":[{"href":"https:\/\/lemonti.pl\/en\/wp-json\/wp\/v2\/product"}],"about":[{"href":"https:\/\/lemonti.pl\/en\/wp-json\/wp\/v2\/types\/product"}],"replies":[{"embeddable":true,"href":"https:\/\/lemonti.pl\/en\/wp-json\/wp\/v2\/comments?post=1829249"}],"version-history":[{"count":0,"href":"https:\/\/lemonti.pl\/en\/wp-json\/wp\/v2\/product\/1829249\/revisions"}],"wp:featuredmedia":[{"embeddable":true,"href":"https:\/\/lemonti.pl\/en\/wp-json\/wp\/v2\/media\/1829243"}],"wp:attachment":[{"href":"https:\/\/lemonti.pl\/en\/wp-json\/wp\/v2\/media?parent=1829249"}],"wp:term":[{"taxonomy":"product_brand","embeddable":true,"href":"https:\/\/lemonti.pl\/en\/wp-json\/wp\/v2\/product_brand?post=1829249"},{"taxonomy":"product_cat","embeddable":true,"href":"https:\/\/lemonti.pl\/en\/wp-json\/wp\/v2\/product_cat?post=1829249"},{"taxonomy":"product_tag","embeddable":true,"href":"https:\/\/lemonti.pl\/en\/wp-json\/wp\/v2\/product_tag?post=1829249"}],"curies":[{"name":"wp","href":"https:\/\/api.w.org\/{rel}","templated":true}]}}