{"id":1829090,"date":"2026-01-02T17:53:07","date_gmt":"2026-01-02T16:53:07","guid":{"rendered":"https:\/\/lemonti.pl\/sklep\/bez-kategorii\/dysk-ssd-lexar-nq790-4tb-m-2-2280-pcie-4-0x4-nvme-7000-6000-mb-s\/"},"modified":"2026-04-17T16:47:07","modified_gmt":"2026-04-17T14:47:07","slug":"dysk-ssd-lexar-nq790-4tb-m-2-2280-pcie-4-0x4-nvme-7000-6000-mb-s","status":"publish","type":"product","link":"https:\/\/lemonti.pl\/en\/sklep\/podzespoly-komputerowe\/dyski\/dyski-ssd\/dysk-ssd-lexar-nq790-4tb-m-2-2280-pcie-4-0x4-nvme-7000-6000-mb-s\/","title":{"rendered":"Dysk SSD Lexar NQ790 4TB M.2 2280 PCIe 4.0&#215;4 NVMe (7000\/6000 MB\/s)"},"content":{"rendered":"<div class=\"vgblk-rw-wrapper limit-wrapper\">\n<section class=\"section\">\n<div class=\"item item-12\">\n<section class=\"text-item\">\n<h1>Dysk SSD Lexar NQ790 4TB M.2 2280 PCIe 4.0&#215;4 NVMe (7000\/6000 MB\/s)<\/h1>\n<\/section><\/div>\n<\/section>\n<section class=\"section\">\n<div class=\"item item-6\">\n<section class=\"image-item\"><img decoding=\"async\" src=\"https:\/\/upload.cdn.baselinker.com\/products\/6010088\/6981fa9cbf73adb5d7187015db2ad0e1.jpg\" \/><\/section>\n<\/p><\/div>\n<div class=\"item item-6\">\n<section class=\"text-item\">\n<h2>Specyfikacja:<\/h2>\n<p>Techniczne<\/p>\n<ul>\n<li><b>Pojemno\u015b\u0107 dysku:<\/b> 4 TB<\/li>\n<li><b>Format dysku:<\/b> M.2 2280<\/li>\n<li><b>Typ dysku:<\/b> SSD<\/li>\n<li><b>Pr\u0119dko\u015b\u0107 odczytu (max):<\/b> 7000 MB\/s<\/li>\n<li><b>Pr\u0119dko\u015b\u0107 zapisu (max):<\/b> 6000 MB\/s<\/li>\n<li><b>TBW (ang. Total Bytes Written):<\/b> 600.0<\/li>\n<\/ul>\n<p>Charakterystyka<\/p>\n<ul>\n<li><b>Interfejs:<\/b> M.2 PCIe Gen. 4.0 x4 NVMe<\/li>\n<li><b>Odczyt losowy:<\/b> 800000 IOPS<\/li>\n<li><b>Zapis losowy:<\/b> 600000 IOPS<\/li>\n<li><b>\u015aredni czas miedzy uszkodzeniami (MTBF):<\/b> 1500000 h<\/li>\n<\/ul>\n<p>Z\u0142\u0105cza<\/p>\n<ul>\n<li><b>Typ z\u0142\u0105cza:<\/b> M.2 (NGFF)<\/li>\n<\/ul>\n<p>Fizyczne<\/p>\n<ul>\n<li><b>Kolor obudowy:<\/b> Czarny (Black)<\/li>\n<\/ul>\n<p>Pozosta\u0142e parametry<\/p>\n<ul>\n<li><b>Informacje dodatkowe:<\/b><\/li>\n<li>Wymiary: 80 x 22 x 2.45 mm<\/li>\n<li>Waga: 6 g<\/li>\n<li>Temperatura pracy: 0\u00b0C to 70\u00b0C<\/li>\n<li>Temperatura przechowywania: -40\u00b0C to 85\u00b0C<\/li>\n<\/ul>\n<\/section><\/div>\n<\/section>\n<section class=\"section\">\n<div class=\"item item-12\">\n<section class=\"image-item\"><img decoding=\"async\" src=\"https:\/\/upload.cdn.baselinker.com\/products\/6010088\/254f82155081be05e6fc57075c916d1a.jpg\" \/><\/section>\n<\/p><\/div>\n<\/section>\n<section class=\"section\">\n<div class=\"item item-12\">\n<section class=\"image-item\"><img decoding=\"async\" src=\"https:\/\/upload.cdn.baselinker.com\/products\/6010088\/dc5202165eff246d08b2bb41878ee79c.jpg\" \/><\/section>\n<\/p><\/div>\n<\/section>\n<section class=\"section\">\n<div class=\"item item-12\">\n<section class=\"image-item\"><img decoding=\"async\" src=\"https:\/\/upload.cdn.baselinker.com\/products\/6010088\/7cbef5f4d4d3fd8d2ab4c04e215f9b52.jpg\" \/><\/section>\n<\/p><\/div>\n<\/section>\n<\/div>\n<p><!-- .vgblk-rw-wrapper --><\/p>","protected":false},"excerpt":{"rendered":"<p>Dysk SSD Lexar NQ790 4TB M.2 2280 PCIe 4.0&#215;4 NVMe (7000\/6000 MB\/s) Specyfikacja: Techniczne Pojemno\u015b\u0107 dysku: 4 TB Format dysku: M.2 2280 Typ dysku: SSD Pr\u0119dko\u015b\u0107 odczytu (max): 7000 MB\/s Pr\u0119dko\u015b\u0107 zapisu (max): 6000 MB\/s TBW (ang. Total Bytes Written): 600.0 Charakterystyka Interfejs: M.2 PCIe Gen. 4.0 x4 NVMe Odczyt losowy: 800000 IOPS Zapis losowy:&#8230;<\/p>","protected":false},"featured_media":1829086,"comment_status":"open","ping_status":"closed","template":"","meta":[],"product_brand":[16772],"product_cat":[247,256,246],"product_tag":[],"class_list":{"0":"post-1829090","1":"product","2":"type-product","3":"status-publish","4":"has-post-thumbnail","6":"product_brand-lexar","7":"product_cat-dyski","8":"product_cat-dyski-ssd","9":"product_cat-podzespoly-komputerowe","11":"first","12":"instock","13":"taxable","14":"shipping-taxable","15":"purchasable","16":"product-type-simple"},"_links":{"self":[{"href":"https:\/\/lemonti.pl\/en\/wp-json\/wp\/v2\/product\/1829090","targetHints":{"allow":["GET"]}}],"collection":[{"href":"https:\/\/lemonti.pl\/en\/wp-json\/wp\/v2\/product"}],"about":[{"href":"https:\/\/lemonti.pl\/en\/wp-json\/wp\/v2\/types\/product"}],"replies":[{"embeddable":true,"href":"https:\/\/lemonti.pl\/en\/wp-json\/wp\/v2\/comments?post=1829090"}],"version-history":[{"count":0,"href":"https:\/\/lemonti.pl\/en\/wp-json\/wp\/v2\/product\/1829090\/revisions"}],"wp:featuredmedia":[{"embeddable":true,"href":"https:\/\/lemonti.pl\/en\/wp-json\/wp\/v2\/media\/1829086"}],"wp:attachment":[{"href":"https:\/\/lemonti.pl\/en\/wp-json\/wp\/v2\/media?parent=1829090"}],"wp:term":[{"taxonomy":"product_brand","embeddable":true,"href":"https:\/\/lemonti.pl\/en\/wp-json\/wp\/v2\/product_brand?post=1829090"},{"taxonomy":"product_cat","embeddable":true,"href":"https:\/\/lemonti.pl\/en\/wp-json\/wp\/v2\/product_cat?post=1829090"},{"taxonomy":"product_tag","embeddable":true,"href":"https:\/\/lemonti.pl\/en\/wp-json\/wp\/v2\/product_tag?post=1829090"}],"curies":[{"name":"wp","href":"https:\/\/api.w.org\/{rel}","templated":true}]}}