{"id":1829056,"date":"2026-01-02T17:52:44","date_gmt":"2026-01-02T16:52:44","guid":{"rendered":"https:\/\/lemonti.pl\/sklep\/bez-kategorii\/dysk-ssd-lexar-nm620-512gb-m-2-2280-pcie-nvme-3-0x4-3300-2400-mb-s\/"},"modified":"2026-04-14T00:34:48","modified_gmt":"2026-04-13T22:34:48","slug":"dysk-ssd-lexar-nm620-512gb-m-2-2280-pcie-nvme-3-0x4-3300-2400-mb-s","status":"publish","type":"product","link":"https:\/\/lemonti.pl\/en\/sklep\/podzespoly-komputerowe\/dyski\/dyski-ssd\/dysk-ssd-lexar-nm620-512gb-m-2-2280-pcie-nvme-3-0x4-3300-2400-mb-s\/","title":{"rendered":"Dysk SSD Lexar NM620 512GB M.2 2280 PCIe NVMe 3.0&#215;4 (3300\/2400 MB\/s)"},"content":{"rendered":"<div class=\"vgblk-rw-wrapper limit-wrapper\">\n<section class=\"section\">\n<div class=\"item item-12\">\n<section class=\"text-item\">\n<h2>Dysk SSD Lexar NM620 512GB M.2 2280 PCIe NVMe 3.0&#215;4 (3300\/2400 MB\/s)<\/h2>\n<\/section><\/div>\n<\/section>\n<section class=\"section\">\n<div class=\"item item-6\">\n<section class=\"image-item\"><img decoding=\"async\" src=\"https:\/\/upload.cdn.baselinker.com\/products\/6010088\/f5fcd014dfd3cfc674f6427325c3163a.jpg\" \/><\/section>\n<\/p><\/div>\n<div class=\"item item-6\">\n<section class=\"text-item\">\n<p><b>Specyfikacja techniczna:<\/b><\/p>\n<ul>\n<li><b>Rodzina dysk\u00f3w:<\/b> NM790<\/li>\n<li><b>Pojemno\u015b\u0107 dysku:<\/b> 512 GB<\/li>\n<li><b>Format dysku:<\/b> M.2 2280<\/li>\n<li><b>Typ dysku:<\/b> SSD<\/li>\n<li><b>Technika zapisywania danych:<\/b> TLC<\/li>\n<li><b>Pr\u0119dko\u015b\u0107 odczytu (max):<\/b> 3300 MB\/s<\/li>\n<li><b>Pr\u0119dko\u015b\u0107 zapisu (max):<\/b> 2400 MB\/s<\/li>\n<li><b>TBW (ang. Total Bytes Written):<\/b> 250.0<\/li>\n<li><b>Interfejs:<\/b> M.2 PCIe Gen. 3.0 x4 NVMe<\/li>\n<li><b>Odczyt losowy:<\/b> 200000 IOPS<\/li>\n<li><b>Zapis losowy:<\/b> 256000 IOPS<\/li>\n<li><b>\u015aredni czas miedzy uszkodzeniami (MTBF):<\/b> 1500000 h<\/li>\n<li><b>Typ z\u0142\u0105cza:<\/b> M.2 (NGFF)<\/li>\n<li><b>Kolor obudowy:<\/b> Czarny (Black)<\/li>\n<li><b>Wymiary: <\/b>80 x 22 x 2,25 mm<\/li>\n<li><b>Waga:<\/b> 9 g<\/li>\n<li>Technologia LDPC (Low-Density Parity Check)<\/li>\n<\/ul>\n<\/section><\/div>\n<\/section>\n<section class=\"section\">\n<div class=\"item item-6\">\n<section class=\"image-item\"><img decoding=\"async\" src=\"https:\/\/upload.cdn.baselinker.com\/products\/6010088\/fb67fe665144febeba8a2c00c04eed41.jpg\" \/><\/section>\n<\/p><\/div>\n<div class=\"item item-6\">\n<section class=\"image-item\"><img decoding=\"async\" src=\"https:\/\/upload.cdn.baselinker.com\/products\/6010088\/9fd92aa77c05b59810143e7f7fdf5602.jpg\" \/><\/section>\n<\/p><\/div>\n<\/section>\n<section class=\"section\">\n<div class=\"item item-12\">\n<section class=\"image-item\"><img decoding=\"async\" src=\"https:\/\/upload.cdn.baselinker.com\/products\/6010088\/b74967bb6356b9086e90020e945faebf.jpg\" \/><\/section>\n<\/p><\/div>\n<\/section>\n<section class=\"section\">\n<div class=\"item item-12\">\n<section class=\"image-item\"><img decoding=\"async\" src=\"https:\/\/upload.cdn.baselinker.com\/products\/6010088\/bb00fdaabee11d2277d1a8a3234de7eb.jpg\" \/><\/section>\n<\/p><\/div>\n<\/section>\n<\/div>\n<p><!-- .vgblk-rw-wrapper --><\/p>","protected":false},"excerpt":{"rendered":"<p>Dysk SSD Lexar NM620 512GB M.2 2280 PCIe NVMe 3.0&#215;4 (3300\/2400 MB\/s) Specyfikacja techniczna: Rodzina dysk\u00f3w: NM790 Pojemno\u015b\u0107 dysku: 512 GB Format dysku: M.2 2280 Typ dysku: SSD Technika zapisywania danych: TLC Pr\u0119dko\u015b\u0107 odczytu (max): 3300 MB\/s Pr\u0119dko\u015b\u0107 zapisu (max): 2400 MB\/s TBW (ang. Total Bytes Written): 250.0 Interfejs: M.2 PCIe Gen. 3.0 x4 NVMe&#8230;<\/p>","protected":false},"featured_media":1829051,"comment_status":"open","ping_status":"closed","template":"","meta":[],"product_brand":[16772],"product_cat":[247,256,246],"product_tag":[],"class_list":{"0":"post-1829056","1":"product","2":"type-product","3":"status-publish","4":"has-post-thumbnail","6":"product_brand-lexar","7":"product_cat-dyski","8":"product_cat-dyski-ssd","9":"product_cat-podzespoly-komputerowe","11":"first","12":"instock","13":"taxable","14":"shipping-taxable","15":"purchasable","16":"product-type-simple"},"_links":{"self":[{"href":"https:\/\/lemonti.pl\/en\/wp-json\/wp\/v2\/product\/1829056","targetHints":{"allow":["GET"]}}],"collection":[{"href":"https:\/\/lemonti.pl\/en\/wp-json\/wp\/v2\/product"}],"about":[{"href":"https:\/\/lemonti.pl\/en\/wp-json\/wp\/v2\/types\/product"}],"replies":[{"embeddable":true,"href":"https:\/\/lemonti.pl\/en\/wp-json\/wp\/v2\/comments?post=1829056"}],"version-history":[{"count":0,"href":"https:\/\/lemonti.pl\/en\/wp-json\/wp\/v2\/product\/1829056\/revisions"}],"wp:featuredmedia":[{"embeddable":true,"href":"https:\/\/lemonti.pl\/en\/wp-json\/wp\/v2\/media\/1829051"}],"wp:attachment":[{"href":"https:\/\/lemonti.pl\/en\/wp-json\/wp\/v2\/media?parent=1829056"}],"wp:term":[{"taxonomy":"product_brand","embeddable":true,"href":"https:\/\/lemonti.pl\/en\/wp-json\/wp\/v2\/product_brand?post=1829056"},{"taxonomy":"product_cat","embeddable":true,"href":"https:\/\/lemonti.pl\/en\/wp-json\/wp\/v2\/product_cat?post=1829056"},{"taxonomy":"product_tag","embeddable":true,"href":"https:\/\/lemonti.pl\/en\/wp-json\/wp\/v2\/product_tag?post=1829056"}],"curies":[{"name":"wp","href":"https:\/\/api.w.org\/{rel}","templated":true}]}}