{"id":1826911,"date":"2025-12-10T16:09:25","date_gmt":"2025-12-10T15:09:25","guid":{"rendered":"https:\/\/lemonti.pl\/sklep\/bez-kategorii\/dysk-ssd-kingston-dc600m-480gb-sata3-25-560-470-mb-s\/"},"modified":"2026-04-16T15:50:29","modified_gmt":"2026-04-16T13:50:29","slug":"dysk-ssd-kingston-dc600m-480gb-sata3-25-560-470-mb-s","status":"publish","type":"product","link":"https:\/\/lemonti.pl\/en\/sklep\/podzespoly-komputerowe\/dyski\/dyski-ssd\/dysk-ssd-kingston-dc600m-480gb-sata3-25-560-470-mb-s\/","title":{"rendered":"Dysk SSD Kingston DC600M 480GB SATA3 2,5&#8221; (560\/470 MB\/s)"},"content":{"rendered":"<div class=\"vgblk-rw-wrapper limit-wrapper\">\n<section class=\"section\">\n<div class=\"item item-12\">\n<section class=\"text-item\">\n<h1>Dysk SSD Kingston DC600M 480GB SATA3 2,5&#8221; (560\/470 MB\/s)<\/h1>\n<\/section><\/div>\n<\/section>\n<section class=\"section\">\n<div class=\"item item-6\">\n<section class=\"image-item\"><img decoding=\"async\" src=\"https:\/\/upload.cdn.baselinker.com\/products\/6010088\/a8aa36b5adac398ab712a4063416bf4e.jpg\" \/><\/section>\n<\/p><\/div>\n<div class=\"item item-6\">\n<section class=\"text-item\">\n<h2>Specyfikacja:<\/h2>\n<p>Techniczne<\/p>\n<ul>\n<li><b>Pojemno\u015b\u0107 dysku:<\/b> 480 GB<\/li>\n<li><b>Format dysku:<\/b> 2,5 cala<\/li>\n<li><b>Typ dysku:<\/b> SSD<\/li>\n<li><b>Typ ko\u015bci pami\u0119ci:<\/b> 3D NAND<\/li>\n<li><b>Technika zapisywania danych:<\/b> TLC<\/li>\n<li><b>Pr\u0119dko\u015b\u0107 odczytu (max):<\/b> 560 MB\/s<\/li>\n<li><b>Pr\u0119dko\u015b\u0107 zapisu (max):<\/b> 470 MB\/s<\/li>\n<li><b>TBW (ang. Total Bytes Written):<\/b> 876.0<\/li>\n<\/ul>\n<p>Charakterystyka<\/p>\n<ul>\n<li><b>Interfejs:<\/b> SATA III (6 Gb\/s)<\/li>\n<li><b>Odczyt losowy:<\/b> 94000 IOPS<\/li>\n<li><b>Zapis losowy:<\/b> 41000 IOPS<\/li>\n<li><b>\u015aredni czas miedzy uszkodzeniami (MTBF):<\/b> 2000000 h<\/li>\n<\/ul>\n<p>Pozosta\u0142e parametry<\/p>\n<ul>\n<li><b>Informacje dodatkowe:<\/b><\/li>\n<li>Wymiana podczas pracy<\/li>\n<li>Statyczne i dynamiczne r\u00f3wnowa\u017cenie zu\u017cycia<\/li>\n<li>Monitorowanie niezawodno\u015bci, statystyki dotycz\u0105ce u\u017cycia, pozosta\u0142y<\/li>\n<li>czas eksploatacji, r\u00f3wnowa\u017cenie zu\u017cycia, temperatura<\/li>\n<li>Sprz\u0119towe zabezpieczenie przed utrat\u0105 zasilania<\/li>\n<li>Wibracje podczas pracy: 2,17G szczytowo (7-800Hz)<\/li>\n<li>Wibracje w stanie spoczynku: 20G szczytowo (10-2000Hz)<\/li>\n<li>Temperatura przechowywania: -40 \u00b0C ~ 85 \u00b0C<\/li>\n<li>Temperatura pracy: 0 \u00b0C ~ 70 \u00b0C<\/li>\n<li>Wymiary: 100,1 x 69,9 x 70 mm<\/li>\n<\/ul>\n<\/section><\/div>\n<\/section>\n<section class=\"section\">\n<div class=\"item item-12\">\n<section class=\"image-item\"><img decoding=\"async\" src=\"https:\/\/upload.cdn.baselinker.com\/products\/6010088\/aa4c53f8f2c52cc5061cf7d0fa47bd7f.jpg\" \/><\/section>\n<\/p><\/div>\n<\/section>\n<section class=\"section\">\n<div class=\"item item-12\">\n<section class=\"image-item\"><img decoding=\"async\" src=\"https:\/\/upload.cdn.baselinker.com\/products\/6010088\/4ae49d482ee6ffbbbe65438d9195bf26.jpg\" \/><\/section>\n<\/p><\/div>\n<\/section>\n<section class=\"section\">\n<div class=\"item item-12\">\n<section class=\"image-item\"><img decoding=\"async\" src=\"https:\/\/upload.cdn.baselinker.com\/products\/6010088\/a8aa36b5adac398ab712a4063416bf4e.jpg\" \/><\/section>\n<\/p><\/div>\n<\/section>\n<\/div>\n<p><!-- .vgblk-rw-wrapper --><\/p>","protected":false},"excerpt":{"rendered":"<p>Dysk SSD Kingston DC600M 480GB SATA3 2,5&#8221; (560\/470 MB\/s) Specyfikacja: Techniczne Pojemno\u015b\u0107 dysku: 480 GB Format dysku: 2,5 cala Typ dysku: SSD Typ ko\u015bci pami\u0119ci: 3D NAND Technika zapisywania danych: TLC Pr\u0119dko\u015b\u0107 odczytu (max): 560 MB\/s Pr\u0119dko\u015b\u0107 zapisu (max): 470 MB\/s TBW (ang. Total Bytes Written): 876.0 Charakterystyka Interfejs: SATA III (6 Gb\/s) Odczyt losowy:&#8230;<\/p>","protected":false},"featured_media":1826907,"comment_status":"open","ping_status":"closed","template":"","meta":[],"product_brand":[16652],"product_cat":[247,256,246],"product_tag":[],"class_list":{"0":"post-1826911","1":"product","2":"type-product","3":"status-publish","4":"has-post-thumbnail","6":"product_brand-kingston","7":"product_cat-dyski","8":"product_cat-dyski-ssd","9":"product_cat-podzespoly-komputerowe","11":"first","12":"instock","13":"taxable","14":"shipping-taxable","15":"purchasable","16":"product-type-simple"},"_links":{"self":[{"href":"https:\/\/lemonti.pl\/en\/wp-json\/wp\/v2\/product\/1826911","targetHints":{"allow":["GET"]}}],"collection":[{"href":"https:\/\/lemonti.pl\/en\/wp-json\/wp\/v2\/product"}],"about":[{"href":"https:\/\/lemonti.pl\/en\/wp-json\/wp\/v2\/types\/product"}],"replies":[{"embeddable":true,"href":"https:\/\/lemonti.pl\/en\/wp-json\/wp\/v2\/comments?post=1826911"}],"version-history":[{"count":0,"href":"https:\/\/lemonti.pl\/en\/wp-json\/wp\/v2\/product\/1826911\/revisions"}],"wp:featuredmedia":[{"embeddable":true,"href":"https:\/\/lemonti.pl\/en\/wp-json\/wp\/v2\/media\/1826907"}],"wp:attachment":[{"href":"https:\/\/lemonti.pl\/en\/wp-json\/wp\/v2\/media?parent=1826911"}],"wp:term":[{"taxonomy":"product_brand","embeddable":true,"href":"https:\/\/lemonti.pl\/en\/wp-json\/wp\/v2\/product_brand?post=1826911"},{"taxonomy":"product_cat","embeddable":true,"href":"https:\/\/lemonti.pl\/en\/wp-json\/wp\/v2\/product_cat?post=1826911"},{"taxonomy":"product_tag","embeddable":true,"href":"https:\/\/lemonti.pl\/en\/wp-json\/wp\/v2\/product_tag?post=1826911"}],"curies":[{"name":"wp","href":"https:\/\/api.w.org\/{rel}","templated":true}]}}