{"id":1645680,"date":"2025-05-15T17:36:17","date_gmt":"2025-05-15T15:36:17","guid":{"rendered":"https:\/\/lemonti.pl\/sklep\/bez-kategorii\/dysk-ssd-intel-optane-memory-m10-16gb-m-2-2280-pci-e-x2-nvme\/"},"modified":"2025-10-17T09:50:44","modified_gmt":"2025-10-17T07:50:44","slug":"dysk-ssd-intel-optane-memory-m10-16gb-m-2-2280-pci-e-x2-nvme","status":"publish","type":"product","link":"https:\/\/lemonti.pl\/en\/sklep\/podzespoly-komputerowe\/dyski\/dyski-ssd\/dysk-ssd-intel-optane-memory-m10-16gb-m-2-2280-pci-e-x2-nvme\/","title":{"rendered":"Dysk SSD Intel Optane Memory M10 16GB M.2 2280 PCI-E x2 NVMe"},"content":{"rendered":"<div class=\"vgblk-rw-wrapper limit-wrapper\">\n<h3 data-start=\"133\" data-end=\"196\" class=\"\"><font style=\"font-size: 11px\" face=\"Arial\">Dysk SSD Intel Optane Memory M10 16GB M.2 2280 PCIe x2 NVMe<\/font><\/h3>\n<h3 data-start=\"133\" data-end=\"196\" class=\"\">\n<p data-start=\"198\" data-end=\"551\" class=\"\"><font style=\"font-size: 11px;font-weight: normal\" face=\"Arial\">Zwi\u0119ksz responsywno\u015b\u0107 swojego komputera dzi\u0119ki <span data-start=\"245\" data-end=\"272\">Intel Optane Memory M10<\/span> \u2013 inteligentnej pami\u0119ci cache o pojemno\u015bci <span data-start=\"316\" data-end=\"325\">16 GB<\/span>, stworzonej z my\u015bl\u0105 o przyspieszaniu tradycyjnych dysk\u00f3w HDD. Dzi\u0119ki zastosowaniu technologii Intel Optane, ten dysk SSD dzia\u0142a jako inteligentny bufor danych, znacznie skracaj\u0105c czas uruchamiania systemu, aplikacji i plik\u00f3w.<\/font><\/p>\n<\/h3>\n<h4 data-start=\"553\" data-end=\"571\" class=\"\"><font style=\"font-size: 11px\" face=\"Arial\">G\u0142\u00f3wne cechy:<\/font><\/h4>\n<h3 data-start=\"133\" data-end=\"196\" class=\"\">\n<ul data-start=\"572\" data-end=\"816\">\n<li data-start=\"572\" data-end=\"594\" class=\"\">\n<p data-start=\"574\" data-end=\"594\" class=\"\"><font style=\"font-size: 11px;font-weight: normal\" face=\"Arial\"><span data-start=\"574\" data-end=\"587\">Pojemno\u015b\u0107<\/span>: 16 GB<\/font><\/p>\n<\/li>\n<li data-start=\"595\" data-end=\"629\" class=\"\">\n<p data-start=\"597\" data-end=\"629\" class=\"\"><font style=\"font-size: 11px;font-weight: normal\" face=\"Arial\"><span data-start=\"597\" data-end=\"612\">Typ pami\u0119ci<\/span>: Intel 3D XPoint<\/font><\/p>\n<\/li>\n<li data-start=\"630\" data-end=\"663\" class=\"\">\n<p data-start=\"632\" data-end=\"663\" class=\"\"><font style=\"font-size: 11px;font-weight: normal\" face=\"Arial\"><span data-start=\"632\" data-end=\"645\">Interfejs<\/span>: PCIe NVMe 3.0 x2<\/font><\/p>\n<\/li>\n<li data-start=\"664\" data-end=\"686\" class=\"\">\n<p data-start=\"666\" data-end=\"686\" class=\"\"><font style=\"font-size: 11px;font-weight: normal\" face=\"Arial\"><span data-start=\"666\" data-end=\"676\">Format<\/span>: M.2 2280<\/font><\/p>\n<\/li>\n<li data-start=\"687\" data-end=\"736\" class=\"\">\n<p data-start=\"689\" data-end=\"736\" class=\"\"><font style=\"font-size: 11px;font-weight: normal\" face=\"Arial\"><span data-start=\"689\" data-end=\"723\">Pr\u0119dko\u015b\u0107 odczytu sekwencyjnego<\/span>: do 900 MB\/s<\/font><\/p>\n<\/li>\n<li data-start=\"737\" data-end=\"785\" class=\"\">\n<p data-start=\"739\" data-end=\"785\" class=\"\"><font style=\"font-size: 11px;font-weight: normal\" face=\"Arial\"><span data-start=\"739\" data-end=\"772\">Pr\u0119dko\u015b\u0107 zapisu sekwencyjnego<\/span>: do 145 MB\/s<\/font><\/p>\n<\/li>\n<li data-start=\"786\" data-end=\"816\" class=\"\">\n<p data-start=\"788\" data-end=\"816\" class=\"\"><font style=\"font-size: 11px;font-weight: normal\" face=\"Arial\"><span data-start=\"788\" data-end=\"796\">MTBF<\/span>: 1,6 miliona godzin<\/font><\/p>\n<\/li>\n<\/ul>\n<\/h3>\n<h4 data-start=\"818\" data-end=\"836\" class=\"\"><font style=\"font-size: 11px\" face=\"Arial\">Zastosowanie:<\/font><\/h4>\n<h3 data-start=\"133\" data-end=\"196\" class=\"\">\n<ul data-start=\"837\" data-end=\"1045\">\n<li data-start=\"837\" data-end=\"887\" class=\"\">\n<p data-start=\"839\" data-end=\"887\" class=\"\"><font style=\"font-size: 11px;font-weight: normal\" face=\"Arial\">Idealny do przyspieszania system\u00f3w z dyskiem HDD<\/font><\/p>\n<\/li>\n<li data-start=\"888\" data-end=\"972\" class=\"\">\n<p data-start=\"890\" data-end=\"972\" class=\"\"><font style=\"font-size: 11px;font-weight: normal\" face=\"Arial\">Doskona\u0142y wyb\u00f3r dla komputer\u00f3w stacjonarnych i laptop\u00f3w obs\u0142uguj\u0105cych Intel Optane<\/font><\/p>\n<\/li>\n<li data-start=\"973\" data-end=\"1045\" class=\"\">\n<p data-start=\"975\" data-end=\"1045\" class=\"\"><font style=\"font-size: 11px;font-weight: normal\" face=\"Arial\">Kompatybilny z p\u0142ytami g\u0142\u00f3wnymi z chipsetem Intel serii 300 i wy\u017cszymi<\/font><\/p>\n<\/li>\n<\/ul>\n<\/h3>\n<h4 data-start=\"1047\" data-end=\"1061\" class=\"\"><font style=\"font-size: 11px\" face=\"Arial\">Korzy\u015bci:<\/font><\/h4>\n<h3 data-start=\"133\" data-end=\"196\" class=\"\">\n<ul data-start=\"1062\" data-end=\"1315\">\n<li data-start=\"1062\" data-end=\"1134\" class=\"\">\n<p data-start=\"1064\" data-end=\"1134\" class=\"\"><font style=\"font-size: 11px;font-weight: normal\" face=\"Arial\">Znaczne zwi\u0119kszenie wydajno\u015bci bez konieczno\u015bci wymiany dysku twardego<\/font><\/p>\n<\/li>\n<li data-start=\"1135\" data-end=\"1232\" class=\"\">\n<p data-start=\"1137\" data-end=\"1232\" class=\"\"><font style=\"font-size: 11px;font-weight: normal\" face=\"Arial\">Inteligentne dopasowanie do nawyk\u00f3w u\u017cytkownika \u2013 najcz\u0119\u015bciej u\u017cywane dane \u0142adowane s\u0105 szybciej<\/font><\/p>\n<\/li>\n<li data-start=\"1233\" data-end=\"1315\" class=\"\">\n<p data-start=\"1235\" data-end=\"1315\" class=\"\"><font style=\"font-size: 11px;font-weight: normal\" face=\"Arial\">\u0141atwa integracja z systemem operacyjnym za pomoc\u0105 Intel Rapid Storage Technology<\/font><\/p>\n<\/li>\n<\/ul>\n<\/h3>\n<\/div>\n<p><!-- .vgblk-rw-wrapper --><\/p>","protected":false},"excerpt":{"rendered":"<p>Dysk SSD Intel Optane Memory M10 16GB M.2 2280 PCIe x2 NVMe Zwi\u0119ksz responsywno\u015b\u0107 swojego komputera dzi\u0119ki Intel Optane Memory M10 \u2013 inteligentnej pami\u0119ci cache o pojemno\u015bci 16 GB, stworzonej z my\u015bl\u0105 o przyspieszaniu tradycyjnych dysk\u00f3w HDD. Dzi\u0119ki zastosowaniu technologii Intel Optane, ten dysk SSD dzia\u0142a jako inteligentny bufor danych, znacznie skracaj\u0105c czas uruchamiania systemu,&#8230;<\/p>","protected":false},"featured_media":1645675,"comment_status":"open","ping_status":"closed","template":"","meta":[],"product_brand":[],"product_cat":[247,256,246],"product_tag":[],"class_list":{"0":"post-1645680","1":"product","2":"type-product","3":"status-publish","4":"has-post-thumbnail","6":"product_cat-dyski","7":"product_cat-dyski-ssd","8":"product_cat-podzespoly-komputerowe","9":"pa_producent-intel","11":"first","12":"outofstock","13":"taxable","14":"shipping-taxable","15":"purchasable","16":"product-type-simple"},"_links":{"self":[{"href":"https:\/\/lemonti.pl\/en\/wp-json\/wp\/v2\/product\/1645680","targetHints":{"allow":["GET"]}}],"collection":[{"href":"https:\/\/lemonti.pl\/en\/wp-json\/wp\/v2\/product"}],"about":[{"href":"https:\/\/lemonti.pl\/en\/wp-json\/wp\/v2\/types\/product"}],"replies":[{"embeddable":true,"href":"https:\/\/lemonti.pl\/en\/wp-json\/wp\/v2\/comments?post=1645680"}],"version-history":[{"count":0,"href":"https:\/\/lemonti.pl\/en\/wp-json\/wp\/v2\/product\/1645680\/revisions"}],"wp:featuredmedia":[{"embeddable":true,"href":"https:\/\/lemonti.pl\/en\/wp-json\/wp\/v2\/media\/1645675"}],"wp:attachment":[{"href":"https:\/\/lemonti.pl\/en\/wp-json\/wp\/v2\/media?parent=1645680"}],"wp:term":[{"taxonomy":"product_brand","embeddable":true,"href":"https:\/\/lemonti.pl\/en\/wp-json\/wp\/v2\/product_brand?post=1645680"},{"taxonomy":"product_cat","embeddable":true,"href":"https:\/\/lemonti.pl\/en\/wp-json\/wp\/v2\/product_cat?post=1645680"},{"taxonomy":"product_tag","embeddable":true,"href":"https:\/\/lemonti.pl\/en\/wp-json\/wp\/v2\/product_tag?post=1645680"}],"curies":[{"name":"wp","href":"https:\/\/api.w.org\/{rel}","templated":true}]}}