{"id":1021419,"date":"2024-11-13T14:15:48","date_gmt":"2024-11-13T13:15:48","guid":{"rendered":"http:\/\/serwer277453.lh.pl\/lemonti\/sklep\/uncategorized\/laptop-lenovo-thinkpad-p17-gen1-173-intel-core-i7-16gb-512gb-czarny\/"},"modified":"2025-07-24T13:35:43","modified_gmt":"2025-07-24T11:35:43","slug":"laptop-lenovo-thinkpad-p17-gen1-173-intel-core-i7-16gb-512gb-czarny","status":"publish","type":"product","link":"https:\/\/lemonti.pl\/en\/sklep\/outlet\/sprzet-komputerowy\/laptop-lenovo-thinkpad-p17-gen1-173-intel-core-i7-16gb-512gb-czarny\/","title":{"rendered":"Laptop Lenovo ThinkPad P17 Gen1 17,3 &#8221; Intel Core i7, 16GB\/ 512GB czarny PO ZWROCIE"},"content":{"rendered":"<div class=\"vgblk-rw-wrapper limit-wrapper\">\n<p data-start=\"177\" data-end=\"750\"><span style=\"font-size: 14px;\"><strong data-start=\"177\" data-end=\"213\">Maksymalna moc w mobilnej wersji<\/strong><br data-start=\"213\" data-end=\"216\" \/>Lenovo ThinkPad P17 Gen1 to laptop stworzony z my\u015bl\u0105 o profesjonalistach, kt\u00f3rzy potrzebuj\u0105 mobilnej stacji roboczej o najwy\u017cszej wydajno\u015bci. Dzi\u0119ki procesorowi Intel Core i7 oraz dedykowanej karcie graficznej NVIDIA Quadro, P17 to prawdziwa pot\u0119ga obliczeniowa, zapewniaj\u0105ca niezr\u00f3wnan\u0105 moc obliczeniow\u0105, idealn\u0105 dla projektant\u00f3w, tw\u00f3rc\u00f3w tre\u015bci i in\u017cynier\u00f3w. Wyposa\u017cony w ultraszybk\u0105 pami\u0119\u0107 masow\u0105 M.2 SSD, laptop gwarantuje b\u0142yskawiczny dost\u0119p do danych, co pozwala na p\u0142ynne i efektywne wykonywanie najbardziej wymagaj\u0105cych zada\u0144.<\/span><\/p>\n<p data-start=\"752\" data-end=\"1132\"><span style=\"font-size: 14px;\"><strong data-start=\"752\" data-end=\"797\">Bezkompromisowa wydajno\u015b\u0107 i optymalizacja<\/strong><br data-start=\"797\" data-end=\"800\" \/>Model P17 Gen1 oferuje wyj\u0105tkow\u0105 wydajno\u015b\u0107 dzi\u0119ki trybowi Ultra-Performance. Zoptymalizowany system ch\u0142odzenia zapewnia maksymaln\u0105 efektywno\u015b\u0107, nawet przy du\u017cym obci\u0105\u017ceniu, umo\u017cliwiaj\u0105c osi\u0105gni\u0119cie pe\u0142nej mocy obliczeniowej. Dzi\u0119ki temu mo\u017cesz pracowa\u0107 w najbardziej wymagaj\u0105cych aplikacjach bez obaw o przegrzewanie si\u0119 urz\u0105dzenia.<\/span><\/p>\n<p data-start=\"1134\" data-end=\"1535\"><span style=\"font-size: 14px;\"><strong data-start=\"1134\" data-end=\"1165\">Profesjonalna jako\u015b\u0107 obrazu<\/strong><br data-start=\"1165\" data-end=\"1168\" \/>Ekran o przek\u0105tnej 17,3 cala w rozdzielczo\u015bci Full HD (1920 x 1080) zapewnia niezwykle szczeg\u00f3\u0142owy obraz i odwzorowanie kolor\u00f3w, co jest szczeg\u00f3lnie istotne dla projektant\u00f3w graficznych, architekt\u00f3w oraz ka\u017cdego, kto potrzebuje precyzyjnego odwzorowania kolor\u00f3w. Panel zosta\u0142 fabrycznie skalibrowany, aby dostarczy\u0107 idealn\u0105 jako\u015b\u0107 wizualn\u0105 zaraz po wyj\u0119ciu z pude\u0142ka.<\/span><\/p>\n<p data-start=\"1537\" data-end=\"2029\"><span style=\"font-size: 14px;\"><strong data-start=\"1537\" data-end=\"1562\">Wielowymiarowy d\u017awi\u0119k<\/strong><br data-start=\"1562\" data-end=\"1565\" \/>ThinkPad P17 Gen1 to nie tylko pot\u0119\u017cna maszyna do pracy, ale tak\u017ce oferuje doskona\u0142\u0105 jako\u015b\u0107 d\u017awi\u0119ku dzi\u0119ki systemowi Dolby Atmos. Zastosowanie trzech specjalnie zaprojektowanych g\u0142o\u015bnik\u00f3w zapewnia czysty, pe\u0142ny d\u017awi\u0119k, kt\u00f3ry doskonale sprawdza si\u0119 zar\u00f3wno podczas s\u0142uchania muzyki, jak i w trakcie konferencji czy spotka\u0144 online. Technologia Dolby Atmos gwarantuje wyrazisty i przestrzenny d\u017awi\u0119k, zar\u00f3wno przy korzystaniu z wbudowanych g\u0142o\u015bnik\u00f3w, jak i s\u0142uchawek.<\/span><\/p>\n<p data-start=\"2031\" data-end=\"2681\"><span style=\"font-size: 14px;\"><strong data-start=\"2031\" data-end=\"2069\">Zaawansowane zabezpieczenia danych<\/strong><br data-start=\"2069\" data-end=\"2072\" \/>Bezpiecze\u0144stwo u\u017cytkownika i danych to kluczowy aspekt laptop\u00f3w ThinkPad. Lenovo ThinkPad P17 Gen1 wyposa\u017cony jest w kompleksowy system ochrony ThinkShield. Dzi\u0119ki czytnikowi linii papilarnych z funkcj\u0105 Match-on-chip, Twoje dane biometryczne s\u0105 szyfrowane bezpiecznie w systemie, zapewniaj\u0105c dodatkow\u0105 warstw\u0119 ochrony przed nieautoryzowanym dost\u0119pem. Modu\u0142 TPM (Trusted Platform Module) gwarantuje szyfrowanie, kt\u00f3re zabezpiecza dane nawet w przypadku fizycznej utraty urz\u0105dzenia. Dodatkowo, system BIOS posiada funkcj\u0119 samonaprawy, kt\u00f3ra przywr\u00f3ci komputer do bezpiecznego stanu w razie jakiejkolwiek awarii.<\/span><\/p>\n<p data-start=\"2683\" data-end=\"3113\"><span style=\"font-size: 14px;\"><strong data-start=\"2683\" data-end=\"2725\">Wytrzyma\u0142o\u015b\u0107 w ekstremalnych warunkach<\/strong><br data-start=\"2725\" data-end=\"2728\" \/>ThinkPad P17 Gen1 to laptop przetestowany zgodnie z 12 wojskowymi standardami (MIL-STD-810G) i przeszed\u0142 ponad 200 rygorystycznych test\u00f3w jako\u015bci. Jest odporny na ekstremalne warunki pracy, od mroz\u00f3w Arktyki po burze piaskowe na pustyni. Laptop wytrzyma r\u00f3wnie\u017c przypadkowe upuszczenia, zalania czy inne codzienne wypadki, co czyni go niezawodnym wyborem do pracy w trudnych warunkach.<\/span><\/p>\n<p data-start=\"3115\" data-end=\"3701\"><span style=\"font-size: 14px;\"><strong data-start=\"3115\" data-end=\"3146\">Zwi\u0119ksz swoj\u0105 produktywno\u015b\u0107<\/strong><br data-start=\"3146\" data-end=\"3149\" \/>ThinkPad P17 Gen1 zosta\u0142 zaprojektowany z my\u015bl\u0105 o maksymalnej wygodzie pracy. Funkcja Modern Standby zapewnia b\u0142yskawiczne wybudzanie z trybu u\u015bpienia, a system jest gotowy do pracy w ci\u0105gu zaledwie jednej sekundy. Dodatkowo, funkcja Wake on Voice umo\u017cliwia wybudzenie laptopa za pomoc\u0105 komend g\u0142osowych, nawet gdy pokrywa jest zamkni\u0119ta, co jest szczeg\u00f3lnie wygodne w sytuacjach, gdy masz zaj\u0119te r\u0119ce. Z kolei przyciski funkcyjne F9\u2013F11 umo\u017cliwiaj\u0105 szybkie zarz\u0105dzanie po\u0142\u0105czeniami konferencyjnymi, co zwi\u0119ksza efektywno\u015b\u0107 komunikacji w zdalnej pracy.<\/span><\/p>\n<\/div>\n<p><!-- .vgblk-rw-wrapper --><\/p>","protected":false},"excerpt":{"rendered":"<p>Maksymalna moc w mobilnej wersjiLenovo ThinkPad P17 Gen1 to laptop stworzony z my\u015bl\u0105 o profesjonalistach, kt\u00f3rzy potrzebuj\u0105 mobilnej stacji roboczej o najwy\u017cszej wydajno\u015bci. Dzi\u0119ki procesorowi Intel Core i7 oraz dedykowanej karcie graficznej NVIDIA Quadro, P17 to prawdziwa pot\u0119ga obliczeniowa, zapewniaj\u0105ca niezr\u00f3wnan\u0105 moc obliczeniow\u0105, idealn\u0105 dla projektant\u00f3w, tw\u00f3rc\u00f3w tre\u015bci i in\u017cynier\u00f3w. Wyposa\u017cony w ultraszybk\u0105 pami\u0119\u0107 masow\u0105&#8230;<\/p>","protected":false},"featured_media":1255208,"comment_status":"open","ping_status":"closed","template":"","meta":[],"product_brand":[],"product_cat":[232,372,373],"product_tag":[],"class_list":{"0":"post-1021419","1":"product","2":"type-product","3":"status-publish","4":"has-post-thumbnail","6":"product_cat-laptopy-i-komputery","7":"product_cat-outlet","8":"product_cat-sprzet-komputerowy","10":"first","11":"outofstock","12":"sale","13":"taxable","14":"shipping-taxable","15":"purchasable","16":"product-type-simple"},"_links":{"self":[{"href":"https:\/\/lemonti.pl\/en\/wp-json\/wp\/v2\/product\/1021419","targetHints":{"allow":["GET"]}}],"collection":[{"href":"https:\/\/lemonti.pl\/en\/wp-json\/wp\/v2\/product"}],"about":[{"href":"https:\/\/lemonti.pl\/en\/wp-json\/wp\/v2\/types\/product"}],"replies":[{"embeddable":true,"href":"https:\/\/lemonti.pl\/en\/wp-json\/wp\/v2\/comments?post=1021419"}],"version-history":[{"count":0,"href":"https:\/\/lemonti.pl\/en\/wp-json\/wp\/v2\/product\/1021419\/revisions"}],"wp:featuredmedia":[{"embeddable":true,"href":"https:\/\/lemonti.pl\/en\/wp-json\/wp\/v2\/media\/1255208"}],"wp:attachment":[{"href":"https:\/\/lemonti.pl\/en\/wp-json\/wp\/v2\/media?parent=1021419"}],"wp:term":[{"taxonomy":"product_brand","embeddable":true,"href":"https:\/\/lemonti.pl\/en\/wp-json\/wp\/v2\/product_brand?post=1021419"},{"taxonomy":"product_cat","embeddable":true,"href":"https:\/\/lemonti.pl\/en\/wp-json\/wp\/v2\/product_cat?post=1021419"},{"taxonomy":"product_tag","embeddable":true,"href":"https:\/\/lemonti.pl\/en\/wp-json\/wp\/v2\/product_tag?post=1021419"}],"curies":[{"name":"wp","href":"https:\/\/api.w.org\/{rel}","templated":true}]}}